{"id":11,"date":"2019-10-15T15:25:57","date_gmt":"2019-10-15T13:25:57","guid":{"rendered":"http:\/\/unairdebois.com\/?page_id=11"},"modified":"2025-05-07T16:24:48","modified_gmt":"2025-05-07T14:24:48","slug":"un-air-de-rien-2","status":"publish","type":"page","link":"https:\/\/unairdebois.com\/index.php\/un-air-de-rien-2\/","title":{"rendered":"Un air de vivre"},"content":{"rendered":"\n<p>Un air de vivre ou un art de vivre&#8230;.<\/p>\n\n\n<div class=\"wp-block-image\">\n<figure class=\"aligncenter size-large\"><img loading=\"lazy\" decoding=\"async\" width=\"1024\" height=\"663\" src=\"https:\/\/unairdebois.com\/wp-content\/uploads\/2025\/03\/unairdebois017-1024x663.jpg\" alt=\"\" class=\"wp-image-524\" srcset=\"https:\/\/unairdebois.com\/wp-content\/uploads\/2025\/03\/unairdebois017-1024x663.jpg 1024w, https:\/\/unairdebois.com\/wp-content\/uploads\/2025\/03\/unairdebois017-300x194.jpg 300w, https:\/\/unairdebois.com\/wp-content\/uploads\/2025\/03\/unairdebois017-768x497.jpg 768w, https:\/\/unairdebois.com\/wp-content\/uploads\/2025\/03\/unairdebois017.jpg 1080w\" sizes=\"(max-width: 1024px) 100vw, 1024px\" \/><\/figure><\/div>\n\n<div class=\"wp-block-image\">\n<figure class=\"aligncenter size-large\"><img loading=\"lazy\" decoding=\"async\" width=\"1024\" height=\"683\" src=\"https:\/\/unairdebois.com\/wp-content\/uploads\/2025\/03\/unairdebois054-1024x683.jpg\" alt=\"\" class=\"wp-image-523\" srcset=\"https:\/\/unairdebois.com\/wp-content\/uploads\/2025\/03\/unairdebois054-1024x683.jpg 1024w, https:\/\/unairdebois.com\/wp-content\/uploads\/2025\/03\/unairdebois054-300x200.jpg 300w, https:\/\/unairdebois.com\/wp-content\/uploads\/2025\/03\/unairdebois054-768x512.jpg 768w, https:\/\/unairdebois.com\/wp-content\/uploads\/2025\/03\/unairdebois054.jpg 1080w\" sizes=\"(max-width: 1024px) 100vw, 1024px\" \/><\/figure><\/div>\n\n<div class=\"wp-block-image\">\n<figure class=\"aligncenter size-large\"><img loading=\"lazy\" decoding=\"async\" width=\"1024\" height=\"685\" src=\"https:\/\/unairdebois.com\/wp-content\/uploads\/2025\/03\/unairdebois018-1024x685.jpg\" alt=\"\" class=\"wp-image-522\" srcset=\"https:\/\/unairdebois.com\/wp-content\/uploads\/2025\/03\/unairdebois018-1024x685.jpg 1024w, https:\/\/unairdebois.com\/wp-content\/uploads\/2025\/03\/unairdebois018-300x201.jpg 300w, https:\/\/unairdebois.com\/wp-content\/uploads\/2025\/03\/unairdebois018-768x513.jpg 768w, https:\/\/unairdebois.com\/wp-content\/uploads\/2025\/03\/unairdebois018.jpg 1080w\" sizes=\"(max-width: 1024px) 100vw, 1024px\" \/><\/figure><\/div>\n\n<div class=\"wp-block-image\">\n<figure class=\"aligncenter size-large\"><img loading=\"lazy\" decoding=\"async\" width=\"1024\" height=\"572\" src=\"https:\/\/unairdebois.com\/wp-content\/uploads\/2025\/03\/unairdebois21-1024x572.jpg\" alt=\"\" class=\"wp-image-521\" srcset=\"https:\/\/unairdebois.com\/wp-content\/uploads\/2025\/03\/unairdebois21-1024x572.jpg 1024w, https:\/\/unairdebois.com\/wp-content\/uploads\/2025\/03\/unairdebois21-300x167.jpg 300w, https:\/\/unairdebois.com\/wp-content\/uploads\/2025\/03\/unairdebois21-768x429.jpg 768w, https:\/\/unairdebois.com\/wp-content\/uploads\/2025\/03\/unairdebois21.jpg 1290w\" sizes=\"(max-width: 1024px) 100vw, 1024px\" \/><\/figure><\/div>\n\n<div class=\"wp-block-image\">\n<figure class=\"aligncenter size-large\"><img loading=\"lazy\" decoding=\"async\" width=\"1024\" height=\"557\" src=\"https:\/\/unairdebois.com\/wp-content\/uploads\/2025\/03\/IMG_8951-1024x557.jpg\" alt=\"\" class=\"wp-image-526\" srcset=\"https:\/\/unairdebois.com\/wp-content\/uploads\/2025\/03\/IMG_8951-1024x557.jpg 1024w, https:\/\/unairdebois.com\/wp-content\/uploads\/2025\/03\/IMG_8951-300x163.jpg 300w, https:\/\/unairdebois.com\/wp-content\/uploads\/2025\/03\/IMG_8951-768x418.jpg 768w, https:\/\/unairdebois.com\/wp-content\/uploads\/2025\/03\/IMG_8951-1536x836.jpg 1536w, https:\/\/unairdebois.com\/wp-content\/uploads\/2025\/03\/IMG_8951-2048x1114.jpg 2048w\" sizes=\"(max-width: 1024px) 100vw, 1024px\" \/><\/figure><\/div>\n\n<div class=\"wp-block-image\">\n<figure class=\"aligncenter size-large\"><img loading=\"lazy\" decoding=\"async\" width=\"1024\" height=\"651\" src=\"https:\/\/unairdebois.com\/wp-content\/uploads\/2025\/03\/unairdebois005-1024x651.jpg\" alt=\"\" class=\"wp-image-527\" srcset=\"https:\/\/unairdebois.com\/wp-content\/uploads\/2025\/03\/unairdebois005-1024x651.jpg 1024w, https:\/\/unairdebois.com\/wp-content\/uploads\/2025\/03\/unairdebois005-300x191.jpg 300w, https:\/\/unairdebois.com\/wp-content\/uploads\/2025\/03\/unairdebois005-768x489.jpg 768w, https:\/\/unairdebois.com\/wp-content\/uploads\/2025\/03\/unairdebois005.jpg 1080w\" sizes=\"(max-width: 1024px) 100vw, 1024px\" \/><\/figure><\/div>\n\n<div class=\"wp-block-image\">\n<figure class=\"aligncenter size-large\"><img loading=\"lazy\" decoding=\"async\" width=\"1024\" height=\"683\" src=\"https:\/\/unairdebois.com\/wp-content\/uploads\/2025\/03\/unairdebois008-1024x683.jpg\" alt=\"\" class=\"wp-image-520\" srcset=\"https:\/\/unairdebois.com\/wp-content\/uploads\/2025\/03\/unairdebois008-1024x683.jpg 1024w, https:\/\/unairdebois.com\/wp-content\/uploads\/2025\/03\/unairdebois008-300x200.jpg 300w, https:\/\/unairdebois.com\/wp-content\/uploads\/2025\/03\/unairdebois008-768x512.jpg 768w, https:\/\/unairdebois.com\/wp-content\/uploads\/2025\/03\/unairdebois008.jpg 1080w\" sizes=\"(max-width: 1024px) 100vw, 1024px\" \/><\/figure><\/div>\n\n<div class=\"wp-block-image\">\n<figure class=\"aligncenter size-large\"><img loading=\"lazy\" decoding=\"async\" width=\"1024\" height=\"683\" src=\"https:\/\/unairdebois.com\/wp-content\/uploads\/2025\/03\/unairdebois051-1024x683.jpg\" alt=\"\" class=\"wp-image-519\" srcset=\"https:\/\/unairdebois.com\/wp-content\/uploads\/2025\/03\/unairdebois051-1024x683.jpg 1024w, https:\/\/unairdebois.com\/wp-content\/uploads\/2025\/03\/unairdebois051-300x200.jpg 300w, https:\/\/unairdebois.com\/wp-content\/uploads\/2025\/03\/unairdebois051-768x512.jpg 768w, https:\/\/unairdebois.com\/wp-content\/uploads\/2025\/03\/unairdebois051.jpg 1080w\" sizes=\"(max-width: 1024px) 100vw, 1024px\" \/><\/figure><\/div>\n\n\n<figure class=\"wp-block-image size-full\"><img loading=\"lazy\" decoding=\"async\" width=\"1024\" height=\"602\" src=\"https:\/\/unairdebois.com\/wp-content\/uploads\/2024\/03\/image-4.png\" alt=\"\" class=\"wp-image-461\" srcset=\"https:\/\/unairdebois.com\/wp-content\/uploads\/2024\/03\/image-4.png 1024w, https:\/\/unairdebois.com\/wp-content\/uploads\/2024\/03\/image-4-300x176.png 300w, https:\/\/unairdebois.com\/wp-content\/uploads\/2024\/03\/image-4-768x452.png 768w\" sizes=\"(max-width: 1024px) 100vw, 1024px\" \/><figcaption class=\"wp-element-caption\"><strong><em>Lever de soleil l&rsquo;\u00e9t\u00e9 depuis la terrasse&#8230;.<\/em><\/strong><\/figcaption><\/figure>\n\n\n\n<p><\/p>\n\n\n\n<p>Au dela de la conception bioclimatique de la villa, du choix de mat\u00e9riaux exclusivement \u00e9cologiques et naturels, de la qualit\u00e9 de fournitures haut de gamme et nobles, ch\u00e2taigniers, M\u00e9l\u00e8ze, Garappa, cuivre, &nbsp;et sain, c&rsquo;est la vue et le paysage qui domine et s&rsquo;impose.<\/p>\n\n\n\n<figure class=\"wp-block-image size-full\"><img loading=\"lazy\" decoding=\"async\" width=\"1024\" height=\"676\" src=\"https:\/\/unairdebois.com\/wp-content\/uploads\/2024\/03\/image-7.png\" alt=\"\" class=\"wp-image-464\" srcset=\"https:\/\/unairdebois.com\/wp-content\/uploads\/2024\/03\/image-7.png 1024w, https:\/\/unairdebois.com\/wp-content\/uploads\/2024\/03\/image-7-300x198.png 300w, https:\/\/unairdebois.com\/wp-content\/uploads\/2024\/03\/image-7-768x507.png 768w\" sizes=\"(max-width: 1024px) 100vw, 1024px\" \/><figcaption class=\"wp-element-caption\"><strong><em>Ciel d&rsquo;automne vue depuis la terrasse.<\/em><\/strong><\/figcaption><\/figure>\n\n\n\n<p>Boire un caf\u00e9 devant les ciels en feu des matins d&rsquo;hiver avec l&rsquo;horizon qui s&#8217;embrase de la cote vermeille au Sud Est jusqu&rsquo;au Canigou au Sud. Se laisser envahir au rythme des saisons par ses paysages flamboyants qui ont inspir\u00e9 le Fauvisme de Matisse \u00e0 Braque.<\/p>\n\n\n\n<figure class=\"wp-block-image size-full\"><img loading=\"lazy\" decoding=\"async\" width=\"1024\" height=\"528\" src=\"https:\/\/unairdebois.com\/wp-content\/uploads\/2024\/03\/image-5.png\" alt=\"\" class=\"wp-image-462\" srcset=\"https:\/\/unairdebois.com\/wp-content\/uploads\/2024\/03\/image-5.png 1024w, https:\/\/unairdebois.com\/wp-content\/uploads\/2024\/03\/image-5-300x155.png 300w, https:\/\/unairdebois.com\/wp-content\/uploads\/2024\/03\/image-5-768x396.png 768w\" sizes=\"(max-width: 1024px) 100vw, 1024px\" \/><figcaption class=\"wp-element-caption\"><strong><em>Vue d&rsquo;un lever de soleil depuis la terrasse un matin d&rsquo;hiver&#8230;.<\/em><\/strong><\/figcaption><\/figure>\n\n\n\n<p>Se laisser bercer par les sonnailles des ch\u00e8vres qui p\u00e2turent et regarder le soleil qui joue avec les nuages, qui voilent et d\u00e9voilent le mont Canigou avec son pic blanc qui \u00e9tincelle.<\/p>\n\n\n\n<figure class=\"wp-block-image size-full\"><img loading=\"lazy\" decoding=\"async\" width=\"1024\" height=\"577\" src=\"https:\/\/unairdebois.com\/wp-content\/uploads\/2024\/03\/image-6.png\" alt=\"\" class=\"wp-image-463\" srcset=\"https:\/\/unairdebois.com\/wp-content\/uploads\/2024\/03\/image-6.png 1024w, https:\/\/unairdebois.com\/wp-content\/uploads\/2024\/03\/image-6-300x169.png 300w, https:\/\/unairdebois.com\/wp-content\/uploads\/2024\/03\/image-6-768x433.png 768w\" sizes=\"(max-width: 1024px) 100vw, 1024px\" \/><figcaption class=\"wp-element-caption\"><strong><em>Paysage de printemps depuis le salon&#8230;.<\/em><\/strong><\/figcaption><\/figure>\n\n\n\n<p>B\u00e9n\u00e9ficier d&rsquo;une vue panoramique \u00e0 chaque instant, admirer en soir\u00e9e le soleil rougeoyant qui colore les Pyr\u00e9n\u00e9es et la nuit la voie lact\u00e9e qui se d\u00e9ploie tout autour \u00e0 l&rsquo;infini.<\/p>\n\n\n\n<figure class=\"wp-block-image size-full\"><img loading=\"lazy\" decoding=\"async\" width=\"1024\" height=\"590\" src=\"https:\/\/unairdebois.com\/wp-content\/uploads\/2024\/03\/image-2.png\" alt=\"\" class=\"wp-image-459\" srcset=\"https:\/\/unairdebois.com\/wp-content\/uploads\/2024\/03\/image-2.png 1024w, https:\/\/unairdebois.com\/wp-content\/uploads\/2024\/03\/image-2-300x173.png 300w, https:\/\/unairdebois.com\/wp-content\/uploads\/2024\/03\/image-2-768x443.png 768w\" sizes=\"(max-width: 1024px) 100vw, 1024px\" \/><figcaption class=\"wp-element-caption\"><strong><em>Vue de la terrasse un soir d&rsquo;hiver&#8230;.<\/em><\/strong><\/figcaption><\/figure>\n\n\n\n<p>C&rsquo;est un endroit con\u00e7u et pens\u00e9 par et pour les amoureux de l&rsquo;authenticit\u00e9, de la nature, de la vie, qui souhaite vivre en toute s\u00e9curit\u00e9 et au calme dans un environnement sain, harmonieux avec un cadre \u00e0 couper le souffle \u00e0 chaque instant.<\/p>\n\n\n\n<figure class=\"wp-block-image size-full\"><img loading=\"lazy\" decoding=\"async\" width=\"1024\" height=\"683\" src=\"https:\/\/unairdebois.com\/wp-content\/uploads\/2024\/03\/image-3.png\" alt=\"\" class=\"wp-image-460\" srcset=\"https:\/\/unairdebois.com\/wp-content\/uploads\/2024\/03\/image-3.png 1024w, https:\/\/unairdebois.com\/wp-content\/uploads\/2024\/03\/image-3-300x200.png 300w, https:\/\/unairdebois.com\/wp-content\/uploads\/2024\/03\/image-3-768x512.png 768w\" sizes=\"(max-width: 1024px) 100vw, 1024px\" \/><figcaption class=\"wp-element-caption\"><strong><em>Vue de la terrasse un matin d&rsquo;hiver.<\/em><\/strong><\/figcaption><\/figure>\n\n\n\n<div class=\"wp-block-group is-content-justification-center is-nowrap is-layout-flex wp-container-core-group-is-layout-1 wp-block-group-is-layout-flex\"><\/div>\n\n\n\n<p class=\"has-text-align-left\"><\/p>\n\n\n\n<figure class=\"wp-block-image size-large\"><img loading=\"lazy\" decoding=\"async\" width=\"1024\" height=\"647\" src=\"http:\/\/unairdebois.com\/wp-content\/uploads\/2023\/03\/IMG_8749-1024x647.jpg\" alt=\"\" class=\"wp-image-305\" srcset=\"https:\/\/unairdebois.com\/wp-content\/uploads\/2023\/03\/IMG_8749-1024x647.jpg 1024w, https:\/\/unairdebois.com\/wp-content\/uploads\/2023\/03\/IMG_8749-300x190.jpg 300w, https:\/\/unairdebois.com\/wp-content\/uploads\/2023\/03\/IMG_8749-768x485.jpg 768w, https:\/\/unairdebois.com\/wp-content\/uploads\/2023\/03\/IMG_8749-1536x971.jpg 1536w, https:\/\/unairdebois.com\/wp-content\/uploads\/2023\/03\/IMG_8749-2048x1294.jpg 2048w\" sizes=\"(max-width: 1024px) 100vw, 1024px\" \/><\/figure>\n\n\n<div class=\"wp-block-image\">\n<figure class=\"aligncenter size-large\"><img loading=\"lazy\" decoding=\"async\" width=\"1024\" height=\"507\" src=\"https:\/\/unairdebois.com\/wp-content\/uploads\/2025\/03\/unairdebois23-1024x507.jpg\" alt=\"\" class=\"wp-image-529\" srcset=\"https:\/\/unairdebois.com\/wp-content\/uploads\/2025\/03\/unairdebois23-1024x507.jpg 1024w, https:\/\/unairdebois.com\/wp-content\/uploads\/2025\/03\/unairdebois23-300x149.jpg 300w, https:\/\/unairdebois.com\/wp-content\/uploads\/2025\/03\/unairdebois23-768x381.jpg 768w, https:\/\/unairdebois.com\/wp-content\/uploads\/2025\/03\/unairdebois23-1536x761.jpg 1536w, https:\/\/unairdebois.com\/wp-content\/uploads\/2025\/03\/unairdebois23.jpg 1816w\" sizes=\"(max-width: 1024px) 100vw, 1024px\" \/><\/figure><\/div>","protected":false},"excerpt":{"rendered":"<p>Un air de vivre ou un art de vivre&#8230;. Au dela de la conception bioclimatique de la villa, du choix de mat\u00e9riaux exclusivement \u00e9cologiques et naturels, de la qualit\u00e9 de fournitures haut de gamme et nobles, ch\u00e2taigniers, M\u00e9l\u00e8ze, Garappa, cuivre, &nbsp;et sain, c&rsquo;est la vue et le paysage qui domine et s&rsquo;impose. Boire un caf\u00e9 [&hellip;]<\/p>\n","protected":false},"author":1,"featured_media":0,"parent":0,"menu_order":0,"comment_status":"closed","ping_status":"closed","template":"","meta":{"footnotes":""},"yoast_head":"<!-- This site is optimized with the Yoast SEO plugin v22.6 - https:\/\/yoast.com\/wordpress\/plugins\/seo\/ -->\n<title>Un air de vivre - Un Air de Bois<\/title>\n<meta name=\"robots\" content=\"index, follow, max-snippet:-1, max-image-preview:large, max-video-preview:-1\" \/>\n<link rel=\"canonical\" href=\"https:\/\/unairdebois.com\/index.php\/un-air-de-rien-2\/\" \/>\n<meta property=\"og:locale\" content=\"fr_FR\" \/>\n<meta property=\"og:type\" content=\"article\" \/>\n<meta property=\"og:title\" content=\"Un air de vivre - Un Air de Bois\" \/>\n<meta property=\"og:description\" content=\"Un air de vivre ou un art de vivre&#8230;. Au dela de la conception bioclimatique de la villa, du choix de mat\u00e9riaux exclusivement \u00e9cologiques et naturels, de la qualit\u00e9 de fournitures haut de gamme et nobles, ch\u00e2taigniers, M\u00e9l\u00e8ze, Garappa, cuivre, &nbsp;et sain, c&rsquo;est la vue et le paysage qui domine et s&rsquo;impose. Boire un caf\u00e9 [&hellip;]\" \/>\n<meta property=\"og:url\" content=\"https:\/\/unairdebois.com\/index.php\/un-air-de-rien-2\/\" \/>\n<meta property=\"og:site_name\" content=\"Un Air de Bois\" \/>\n<meta property=\"article:modified_time\" content=\"2025-05-07T14:24:48+00:00\" \/>\n<meta property=\"og:image\" content=\"https:\/\/unairdebois.com\/wp-content\/uploads\/2025\/03\/unairdebois017-1024x663.jpg\" \/>\n<meta name=\"twitter:card\" content=\"summary_large_image\" \/>\n<meta name=\"twitter:label1\" content=\"Dur\u00e9e de lecture estim\u00e9e\" \/>\n\t<meta name=\"twitter:data1\" content=\"5 minutes\" \/>\n<script type=\"application\/ld+json\" class=\"yoast-schema-graph\">{\"@context\":\"https:\/\/schema.org\",\"@graph\":[{\"@type\":\"WebPage\",\"@id\":\"https:\/\/unairdebois.com\/index.php\/un-air-de-rien-2\/\",\"url\":\"https:\/\/unairdebois.com\/index.php\/un-air-de-rien-2\/\",\"name\":\"Un air de vivre - Un Air de Bois\",\"isPartOf\":{\"@id\":\"https:\/\/unairdebois.com\/#website\"},\"primaryImageOfPage\":{\"@id\":\"https:\/\/unairdebois.com\/index.php\/un-air-de-rien-2\/#primaryimage\"},\"image\":{\"@id\":\"https:\/\/unairdebois.com\/index.php\/un-air-de-rien-2\/#primaryimage\"},\"thumbnailUrl\":\"https:\/\/unairdebois.com\/wp-content\/uploads\/2025\/03\/unairdebois017-1024x663.jpg\",\"datePublished\":\"2019-10-15T13:25:57+00:00\",\"dateModified\":\"2025-05-07T14:24:48+00:00\",\"breadcrumb\":{\"@id\":\"https:\/\/unairdebois.com\/index.php\/un-air-de-rien-2\/#breadcrumb\"},\"inLanguage\":\"fr-FR\",\"potentialAction\":[{\"@type\":\"ReadAction\",\"target\":[\"https:\/\/unairdebois.com\/index.php\/un-air-de-rien-2\/\"]}]},{\"@type\":\"ImageObject\",\"inLanguage\":\"fr-FR\",\"@id\":\"https:\/\/unairdebois.com\/index.php\/un-air-de-rien-2\/#primaryimage\",\"url\":\"https:\/\/unairdebois.com\/wp-content\/uploads\/2025\/03\/unairdebois017.jpg\",\"contentUrl\":\"https:\/\/unairdebois.com\/wp-content\/uploads\/2025\/03\/unairdebois017.jpg\",\"width\":1080,\"height\":699},{\"@type\":\"BreadcrumbList\",\"@id\":\"https:\/\/unairdebois.com\/index.php\/un-air-de-rien-2\/#breadcrumb\",\"itemListElement\":[{\"@type\":\"ListItem\",\"position\":1,\"name\":\"Accueil\",\"item\":\"https:\/\/unairdebois.com\/\"},{\"@type\":\"ListItem\",\"position\":2,\"name\":\"Un air de vivre\"}]},{\"@type\":\"WebSite\",\"@id\":\"https:\/\/unairdebois.com\/#website\",\"url\":\"https:\/\/unairdebois.com\/\",\"name\":\"Un Air de Bois\",\"description\":\"Maison Bioclimatique [ GICO ]\",\"publisher\":{\"@id\":\"https:\/\/unairdebois.com\/#organization\"},\"potentialAction\":[{\"@type\":\"SearchAction\",\"target\":{\"@type\":\"EntryPoint\",\"urlTemplate\":\"https:\/\/unairdebois.com\/?s={search_term_string}\"},\"query-input\":\"required name=search_term_string\"}],\"inLanguage\":\"fr-FR\"},{\"@type\":\"Organization\",\"@id\":\"https:\/\/unairdebois.com\/#organization\",\"name\":\"Un air de bois\",\"url\":\"https:\/\/unairdebois.com\/\",\"logo\":{\"@type\":\"ImageObject\",\"inLanguage\":\"fr-FR\",\"@id\":\"https:\/\/unairdebois.com\/#\/schema\/logo\/image\/\",\"url\":\"http:\/\/unairdebois.com\/wp-content\/uploads\/2020\/05\/IMG_8484.jpg\",\"contentUrl\":\"http:\/\/unairdebois.com\/wp-content\/uploads\/2020\/05\/IMG_8484.jpg\",\"width\":1080,\"height\":720,\"caption\":\"Un air de bois\"},\"image\":{\"@id\":\"https:\/\/unairdebois.com\/#\/schema\/logo\/image\/\"}}]}<\/script>\n<!-- \/ Yoast SEO plugin. -->","yoast_head_json":{"title":"Un air de vivre - Un Air de Bois","robots":{"index":"index","follow":"follow","max-snippet":"max-snippet:-1","max-image-preview":"max-image-preview:large","max-video-preview":"max-video-preview:-1"},"canonical":"https:\/\/unairdebois.com\/index.php\/un-air-de-rien-2\/","og_locale":"fr_FR","og_type":"article","og_title":"Un air de vivre - Un Air de Bois","og_description":"Un air de vivre ou un art de vivre&#8230;. Au dela de la conception bioclimatique de la villa, du choix de mat\u00e9riaux exclusivement \u00e9cologiques et naturels, de la qualit\u00e9 de fournitures haut de gamme et nobles, ch\u00e2taigniers, M\u00e9l\u00e8ze, Garappa, cuivre, &nbsp;et sain, c&rsquo;est la vue et le paysage qui domine et s&rsquo;impose. Boire un caf\u00e9 [&hellip;]","og_url":"https:\/\/unairdebois.com\/index.php\/un-air-de-rien-2\/","og_site_name":"Un Air de Bois","article_modified_time":"2025-05-07T14:24:48+00:00","og_image":[{"url":"https:\/\/unairdebois.com\/wp-content\/uploads\/2025\/03\/unairdebois017-1024x663.jpg"}],"twitter_card":"summary_large_image","twitter_misc":{"Dur\u00e9e de lecture estim\u00e9e":"5 minutes"},"schema":{"@context":"https:\/\/schema.org","@graph":[{"@type":"WebPage","@id":"https:\/\/unairdebois.com\/index.php\/un-air-de-rien-2\/","url":"https:\/\/unairdebois.com\/index.php\/un-air-de-rien-2\/","name":"Un air de vivre - Un Air de Bois","isPartOf":{"@id":"https:\/\/unairdebois.com\/#website"},"primaryImageOfPage":{"@id":"https:\/\/unairdebois.com\/index.php\/un-air-de-rien-2\/#primaryimage"},"image":{"@id":"https:\/\/unairdebois.com\/index.php\/un-air-de-rien-2\/#primaryimage"},"thumbnailUrl":"https:\/\/unairdebois.com\/wp-content\/uploads\/2025\/03\/unairdebois017-1024x663.jpg","datePublished":"2019-10-15T13:25:57+00:00","dateModified":"2025-05-07T14:24:48+00:00","breadcrumb":{"@id":"https:\/\/unairdebois.com\/index.php\/un-air-de-rien-2\/#breadcrumb"},"inLanguage":"fr-FR","potentialAction":[{"@type":"ReadAction","target":["https:\/\/unairdebois.com\/index.php\/un-air-de-rien-2\/"]}]},{"@type":"ImageObject","inLanguage":"fr-FR","@id":"https:\/\/unairdebois.com\/index.php\/un-air-de-rien-2\/#primaryimage","url":"https:\/\/unairdebois.com\/wp-content\/uploads\/2025\/03\/unairdebois017.jpg","contentUrl":"https:\/\/unairdebois.com\/wp-content\/uploads\/2025\/03\/unairdebois017.jpg","width":1080,"height":699},{"@type":"BreadcrumbList","@id":"https:\/\/unairdebois.com\/index.php\/un-air-de-rien-2\/#breadcrumb","itemListElement":[{"@type":"ListItem","position":1,"name":"Accueil","item":"https:\/\/unairdebois.com\/"},{"@type":"ListItem","position":2,"name":"Un air de vivre"}]},{"@type":"WebSite","@id":"https:\/\/unairdebois.com\/#website","url":"https:\/\/unairdebois.com\/","name":"Un Air de Bois","description":"Maison Bioclimatique [ GICO ]","publisher":{"@id":"https:\/\/unairdebois.com\/#organization"},"potentialAction":[{"@type":"SearchAction","target":{"@type":"EntryPoint","urlTemplate":"https:\/\/unairdebois.com\/?s={search_term_string}"},"query-input":"required name=search_term_string"}],"inLanguage":"fr-FR"},{"@type":"Organization","@id":"https:\/\/unairdebois.com\/#organization","name":"Un air de bois","url":"https:\/\/unairdebois.com\/","logo":{"@type":"ImageObject","inLanguage":"fr-FR","@id":"https:\/\/unairdebois.com\/#\/schema\/logo\/image\/","url":"http:\/\/unairdebois.com\/wp-content\/uploads\/2020\/05\/IMG_8484.jpg","contentUrl":"http:\/\/unairdebois.com\/wp-content\/uploads\/2020\/05\/IMG_8484.jpg","width":1080,"height":720,"caption":"Un air de bois"},"image":{"@id":"https:\/\/unairdebois.com\/#\/schema\/logo\/image\/"}}]}},"_links":{"self":[{"href":"https:\/\/unairdebois.com\/index.php\/wp-json\/wp\/v2\/pages\/11"}],"collection":[{"href":"https:\/\/unairdebois.com\/index.php\/wp-json\/wp\/v2\/pages"}],"about":[{"href":"https:\/\/unairdebois.com\/index.php\/wp-json\/wp\/v2\/types\/page"}],"author":[{"embeddable":true,"href":"https:\/\/unairdebois.com\/index.php\/wp-json\/wp\/v2\/users\/1"}],"replies":[{"embeddable":true,"href":"https:\/\/unairdebois.com\/index.php\/wp-json\/wp\/v2\/comments?post=11"}],"version-history":[{"count":33,"href":"https:\/\/unairdebois.com\/index.php\/wp-json\/wp\/v2\/pages\/11\/revisions"}],"predecessor-version":[{"id":542,"href":"https:\/\/unairdebois.com\/index.php\/wp-json\/wp\/v2\/pages\/11\/revisions\/542"}],"wp:attachment":[{"href":"https:\/\/unairdebois.com\/index.php\/wp-json\/wp\/v2\/media?parent=11"}],"curies":[{"name":"wp","href":"https:\/\/api.w.org\/{rel}","templated":true}]}}